{"id":3480,"date":"2019-03-24T00:06:40","date_gmt":"2019-03-24T03:06:40","guid":{"rendered":"https:\/\/shinmuryodojo.com\/?page_id=3480"},"modified":"2026-03-26T23:53:30","modified_gmt":"2026-03-27T02:53:30","slug":"plano-recorrente","status":"publish","type":"page","link":"https:\/\/aluno.shinmuryodojo.com\/en\/plano-recorrente\/","title":{"rendered":"Restricted content"},"content":{"rendered":"","protected":false},"excerpt":{"rendered":"","protected":false},"author":1,"featured_media":0,"parent":0,"menu_order":0,"comment_status":"closed","ping_status":"closed","template":"","meta":{"pmpro_default_level":"","footnotes":""},"class_list":["post-3480","page","type-page","status-publish","hentry","pmpro-has-access"],"yoast_head":"<!-- This site is optimized with the Yoast SEO plugin v27.5 - https:\/\/yoast.com\/product\/yoast-seo-wordpress\/ -->\n<title>Plano Recorrente - NINJUTSU | BUJINKAN SHINMURY\u014c D\u014cJ\u014c<\/title>\n<meta name=\"robots\" content=\"index, follow, max-snippet:-1, max-image-preview:large, max-video-preview:-1\" \/>\n<link rel=\"canonical\" href=\"https:\/\/aluno.shinmuryodojo.com\/en\/plano-recorrente\/\" \/>\n<meta property=\"og:locale\" content=\"en_US\" \/>\n<meta property=\"og:type\" content=\"article\" \/>\n<meta property=\"og:title\" content=\"Plano Recorrente - NINJUTSU | BUJINKAN SHINMURY\u014c D\u014cJ\u014c\" \/>\n<meta property=\"og:url\" content=\"https:\/\/aluno.shinmuryodojo.com\/en\/plano-recorrente\/\" \/>\n<meta property=\"og:site_name\" content=\"NINJUTSU | BUJINKAN SHINMURY\u014c D\u014cJ\u014c\" \/>\n<meta property=\"article:publisher\" content=\"https:\/\/www.facebook.com\/BujinkanShinmuryoDojo\" \/>\n<meta property=\"article:modified_time\" content=\"2026-03-27T02:53:30+00:00\" \/>\n<meta property=\"og:image\" content=\"https:\/\/denshoseries.com\/arquivos\/bandeiras-credito-nacional.png\" \/>\n<meta name=\"twitter:label1\" content=\"Est. reading time\" \/>\n\t<meta name=\"twitter:data1\" content=\"2 minutes\" \/>\n<script type=\"application\/ld+json\" class=\"yoast-schema-graph\">{\"@context\":\"https:\\\/\\\/schema.org\",\"@graph\":[{\"@type\":\"WebPage\",\"@id\":\"https:\\\/\\\/aluno.shinmuryodojo.com\\\/plano-recorrente\\\/\",\"url\":\"https:\\\/\\\/aluno.shinmuryodojo.com\\\/plano-recorrente\\\/\",\"name\":\"Plano Recorrente - NINJUTSU | BUJINKAN SHINMURY\u014c D\u014cJ\u014c\",\"isPartOf\":{\"@id\":\"https:\\\/\\\/aluno.shinmuryodojo.com\\\/#website\"},\"primaryImageOfPage\":{\"@id\":\"https:\\\/\\\/aluno.shinmuryodojo.com\\\/plano-recorrente\\\/#primaryimage\"},\"image\":{\"@id\":\"https:\\\/\\\/aluno.shinmuryodojo.com\\\/plano-recorrente\\\/#primaryimage\"},\"thumbnailUrl\":\"https:\\\/\\\/denshoseries.com\\\/arquivos\\\/bandeiras-credito-nacional.png\",\"datePublished\":\"2019-03-24T03:06:40+00:00\",\"dateModified\":\"2026-03-27T02:53:30+00:00\",\"breadcrumb\":{\"@id\":\"https:\\\/\\\/aluno.shinmuryodojo.com\\\/plano-recorrente\\\/#breadcrumb\"},\"inLanguage\":\"en-US\",\"potentialAction\":[{\"@type\":\"ReadAction\",\"target\":[\"https:\\\/\\\/aluno.shinmuryodojo.com\\\/plano-recorrente\\\/\"]}]},{\"@type\":\"ImageObject\",\"inLanguage\":\"en-US\",\"@id\":\"https:\\\/\\\/aluno.shinmuryodojo.com\\\/plano-recorrente\\\/#primaryimage\",\"url\":\"https:\\\/\\\/denshoseries.com\\\/arquivos\\\/bandeiras-credito-nacional.png\",\"contentUrl\":\"https:\\\/\\\/denshoseries.com\\\/arquivos\\\/bandeiras-credito-nacional.png\"},{\"@type\":\"BreadcrumbList\",\"@id\":\"https:\\\/\\\/aluno.shinmuryodojo.com\\\/plano-recorrente\\\/#breadcrumb\",\"itemListElement\":[{\"@type\":\"ListItem\",\"position\":1,\"name\":\"In\u00edcio\",\"item\":\"https:\\\/\\\/aluno.shinmuryodojo.com\\\/\"},{\"@type\":\"ListItem\",\"position\":2,\"name\":\"Plano Recorrente\"}]},{\"@type\":\"WebSite\",\"@id\":\"https:\\\/\\\/aluno.shinmuryodojo.com\\\/#website\",\"url\":\"https:\\\/\\\/aluno.shinmuryodojo.com\\\/\",\"name\":\"NINJUTSU | BUJINKAN SHINMURY\u014c D\u014cJ\u014c\",\"description\":\"SHIHAN GALLENI JUNIOR\",\"potentialAction\":[{\"@type\":\"SearchAction\",\"target\":{\"@type\":\"EntryPoint\",\"urlTemplate\":\"https:\\\/\\\/aluno.shinmuryodojo.com\\\/?s={search_term_string}\"},\"query-input\":{\"@type\":\"PropertyValueSpecification\",\"valueRequired\":true,\"valueName\":\"search_term_string\"}}],\"inLanguage\":\"en-US\"}]}<\/script>\n<!-- \/ Yoast SEO plugin. -->","yoast_head_json":{"title":"Plano Recorrente - NINJUTSU | BUJINKAN SHINMURY\u014c D\u014cJ\u014c","robots":{"index":"index","follow":"follow","max-snippet":"max-snippet:-1","max-image-preview":"max-image-preview:large","max-video-preview":"max-video-preview:-1"},"canonical":"https:\/\/aluno.shinmuryodojo.com\/en\/plano-recorrente\/","og_locale":"en_US","og_type":"article","og_title":"Plano Recorrente - NINJUTSU | BUJINKAN SHINMURY\u014c D\u014cJ\u014c","og_url":"https:\/\/aluno.shinmuryodojo.com\/en\/plano-recorrente\/","og_site_name":"NINJUTSU | BUJINKAN SHINMURY\u014c D\u014cJ\u014c","article_publisher":"https:\/\/www.facebook.com\/BujinkanShinmuryoDojo","article_modified_time":"2026-03-27T02:53:30+00:00","og_image":[{"url":"https:\/\/denshoseries.com\/arquivos\/bandeiras-credito-nacional.png","type":"","width":"","height":""}],"twitter_misc":{"Est. reading time":"2 minutes"},"schema":{"@context":"https:\/\/schema.org","@graph":[{"@type":"WebPage","@id":"https:\/\/aluno.shinmuryodojo.com\/plano-recorrente\/","url":"https:\/\/aluno.shinmuryodojo.com\/plano-recorrente\/","name":"Plano Recorrente - NINJUTSU | BUJINKAN SHINMURY\u014c D\u014cJ\u014c","isPartOf":{"@id":"https:\/\/aluno.shinmuryodojo.com\/#website"},"primaryImageOfPage":{"@id":"https:\/\/aluno.shinmuryodojo.com\/plano-recorrente\/#primaryimage"},"image":{"@id":"https:\/\/aluno.shinmuryodojo.com\/plano-recorrente\/#primaryimage"},"thumbnailUrl":"https:\/\/denshoseries.com\/arquivos\/bandeiras-credito-nacional.png","datePublished":"2019-03-24T03:06:40+00:00","dateModified":"2026-03-27T02:53:30+00:00","breadcrumb":{"@id":"https:\/\/aluno.shinmuryodojo.com\/plano-recorrente\/#breadcrumb"},"inLanguage":"en-US","potentialAction":[{"@type":"ReadAction","target":["https:\/\/aluno.shinmuryodojo.com\/plano-recorrente\/"]}]},{"@type":"ImageObject","inLanguage":"en-US","@id":"https:\/\/aluno.shinmuryodojo.com\/plano-recorrente\/#primaryimage","url":"https:\/\/denshoseries.com\/arquivos\/bandeiras-credito-nacional.png","contentUrl":"https:\/\/denshoseries.com\/arquivos\/bandeiras-credito-nacional.png"},{"@type":"BreadcrumbList","@id":"https:\/\/aluno.shinmuryodojo.com\/plano-recorrente\/#breadcrumb","itemListElement":[{"@type":"ListItem","position":1,"name":"In\u00edcio","item":"https:\/\/aluno.shinmuryodojo.com\/"},{"@type":"ListItem","position":2,"name":"Plano Recorrente"}]},{"@type":"WebSite","@id":"https:\/\/aluno.shinmuryodojo.com\/#website","url":"https:\/\/aluno.shinmuryodojo.com\/","name":"NINJUTSU | BUJINKAN SHINMURY\u014c D\u014cJ\u014c","description":"SHIHAN GALLENI JUNIOR","potentialAction":[{"@type":"SearchAction","target":{"@type":"EntryPoint","urlTemplate":"https:\/\/aluno.shinmuryodojo.com\/?s={search_term_string}"},"query-input":{"@type":"PropertyValueSpecification","valueRequired":true,"valueName":"search_term_string"}}],"inLanguage":"en-US"}]}},"_links":{"self":[{"href":"https:\/\/aluno.shinmuryodojo.com\/en\/wp-json\/wp\/v2\/pages\/3480","targetHints":{"allow":["GET"]}}],"collection":[{"href":"https:\/\/aluno.shinmuryodojo.com\/en\/wp-json\/wp\/v2\/pages"}],"about":[{"href":"https:\/\/aluno.shinmuryodojo.com\/en\/wp-json\/wp\/v2\/types\/page"}],"author":[{"embeddable":true,"href":"https:\/\/aluno.shinmuryodojo.com\/en\/wp-json\/wp\/v2\/users\/1"}],"replies":[{"embeddable":true,"href":"https:\/\/aluno.shinmuryodojo.com\/en\/wp-json\/wp\/v2\/comments?post=3480"}],"version-history":[{"count":222,"href":"https:\/\/aluno.shinmuryodojo.com\/en\/wp-json\/wp\/v2\/pages\/3480\/revisions"}],"predecessor-version":[{"id":5686,"href":"https:\/\/aluno.shinmuryodojo.com\/en\/wp-json\/wp\/v2\/pages\/3480\/revisions\/5686"}],"wp:attachment":[{"href":"https:\/\/aluno.shinmuryodojo.com\/en\/wp-json\/wp\/v2\/media?parent=3480"}],"curies":[{"name":"wp","href":"https:\/\/api.w.org\/{rel}","templated":true}]}}