{"id":3594,"date":"2019-06-13T04:06:24","date_gmt":"2019-06-13T07:06:24","guid":{"rendered":"https:\/\/shinmuryodojo.com\/?page_id=3594"},"modified":"2025-10-31T18:13:42","modified_gmt":"2025-10-31T21:13:42","slug":"redefinir-senha","status":"publish","type":"page","link":"https:\/\/aluno.shinmuryodojo.com\/en\/redefinir-senha\/","title":{"rendered":"Redefinir Senha"},"content":{"rendered":"<div data-elementor-type=\"wp-page\" data-elementor-id=\"3594\" class=\"elementor elementor-3594\" data-elementor-settings=\"{&quot;ha_cmc_init_switcher&quot;:&quot;no&quot;}\">\n\t\t\t\t<div class=\"elementor-element elementor-element-713836a e-flex e-con-boxed e-con e-parent\" data-id=\"713836a\" data-element_type=\"container\" data-e-type=\"container\" data-settings=\"{&quot;_ha_eqh_enable&quot;:false}\">\n\t\t\t\t\t<div class=\"e-con-inner\">\n\t\t\t\t<div class=\"elementor-element elementor-element-7a4625c5 elementor-widget elementor-widget-text-editor\" data-id=\"7a4625c5\" data-element_type=\"widget\" data-e-type=\"widget\" data-widget_type=\"text-editor.default\">\n\t\t\t\t<div class=\"elementor-widget-container\">\n\t\t\t\t\t\t\t\t\t<p style=\"text-align: center;\"><div class=\"um um-password um-um_password_id\">\n\t<div class=\"um-form\">\n\t\t<form method=\"post\" action=\"\" data-trp-original-action=\"\">\n\t\t\t\n\t\t\t\t<input type=\"hidden\" name=\"_um_password_reset\" id=\"_um_password_reset\" value=\"1\" \/>\n\n\t\t\t\t\t\t\t\t\t<div class=\"um-field um-field-block um-field-type_block\">\n\t\t\t\t\t\t<div class=\"um-field-block\">\n\t\t\t\t\t\t\t<div style=\"text-align:center;\">\n\t\t\t\t\t\t\t\tTo reset your password, please enter your email address or username below.\t\t\t\t\t\t\t<\/div>\n\t\t\t\t\t\t<\/div>\n\t\t\t\t\t<\/div>\n\t\t\t\t\t<div  id=\"um_field_0_username_b\" class=\"um-field um-field-text  um-field-username_b um-field-text um-field-type_text\" data-key=\"username_b\"><div class=\"um-field-area\"><input  autocomplete=\"off\" class=\"um-form-field valid\" type=\"text\" name=\"username_b\" id=\"username_b\" value=\"\" placeholder=\"Enter your username or email\" data-validate=\"\" data-key=\"username_b\"  aria-invalid=\"false\" \/>\n\n\t\t\t\t\t\t<\/div><\/div>\t\t\t\t<div class=\"um-col-alt um-col-alt-b\">\n\t\t\t\t\t<div class=\"um-center\">\n\t\t\t\t\t\t<input type=\"submit\" value=\"Reset password\" class=\"um-button\" id=\"um-submit-btn\" \/>\n\t\t\t\t\t<\/div>\n\t\t\t\t\t<div class=\"um-clear\"><\/div>\n\t\t\t\t<\/div>\n\t\t\t\t\t<input type=\"hidden\" name=\"form_id\" id=\"form_id_um_password_id\" value=\"um_password_id\" \/>\n\t\t<p class=\"um_request_name\">\n\t\t<label for=\"um_request_um_password_id\">Only fill in if you are not human<\/label>\n\t\t<input type=\"hidden\" name=\"um_request\" id=\"um_request_um_password_id\" class=\"input\" value=\"\" size=\"25\" autocomplete=\"off\" \/>\n\t<\/p>\n\t\t\t<input type=\"hidden\" name=\"trp-form-language\" value=\"en\"\/><\/form>\n\t<\/div>\n<\/div>\n<style>\n\t\t\t.um-um_password_id.um {\n\t\t\tmax-width: 450px;\n\t\t}\n\t\t<\/style>\n<\/p>\t\t\t\t\t\t\t\t<\/div>\n\t\t\t\t<\/div>\n\t\t\t\t\t<\/div>\n\t\t\t\t<\/div>\n\t\t\t\t<\/div>","protected":false},"excerpt":{"rendered":"","protected":false},"author":1,"featured_media":0,"parent":0,"menu_order":0,"comment_status":"closed","ping_status":"closed","template":"","meta":{"pmpro_default_level":"","footnotes":""},"class_list":["post-3594","page","type-page","status-publish","hentry","pmpro-has-access"],"yoast_head":"<!-- This site is optimized with the Yoast SEO plugin v27.5 - https:\/\/yoast.com\/product\/yoast-seo-wordpress\/ -->\n<title>Redefinir Senha - NINJUTSU | BUJINKAN SHINMURY\u014c D\u014cJ\u014c<\/title>\n<meta name=\"robots\" content=\"index, follow, max-snippet:-1, max-image-preview:large, max-video-preview:-1\" \/>\n<link rel=\"canonical\" href=\"https:\/\/aluno.shinmuryodojo.com\/en\/redefinir-senha\/\" \/>\n<meta property=\"og:locale\" content=\"en_US\" \/>\n<meta property=\"og:type\" content=\"article\" \/>\n<meta property=\"og:title\" content=\"Redefinir Senha - NINJUTSU | BUJINKAN SHINMURY\u014c D\u014cJ\u014c\" \/>\n<meta property=\"og:url\" content=\"https:\/\/aluno.shinmuryodojo.com\/en\/redefinir-senha\/\" \/>\n<meta property=\"og:site_name\" content=\"NINJUTSU | BUJINKAN SHINMURY\u014c D\u014cJ\u014c\" \/>\n<meta property=\"article:publisher\" content=\"https:\/\/www.facebook.com\/BujinkanShinmuryoDojo\" \/>\n<meta property=\"article:modified_time\" content=\"2025-10-31T21:13:42+00:00\" \/>\n<meta name=\"twitter:label1\" content=\"Est. reading time\" \/>\n\t<meta name=\"twitter:data1\" content=\"1 minute\" \/>\n<script type=\"application\/ld+json\" class=\"yoast-schema-graph\">{\"@context\":\"https:\\\/\\\/schema.org\",\"@graph\":[{\"@type\":\"WebPage\",\"@id\":\"https:\\\/\\\/aluno.shinmuryodojo.com\\\/redefinir-senha\\\/\",\"url\":\"https:\\\/\\\/aluno.shinmuryodojo.com\\\/redefinir-senha\\\/\",\"name\":\"Redefinir Senha - NINJUTSU | BUJINKAN SHINMURY\u014c D\u014cJ\u014c\",\"isPartOf\":{\"@id\":\"https:\\\/\\\/aluno.shinmuryodojo.com\\\/#website\"},\"datePublished\":\"2019-06-13T07:06:24+00:00\",\"dateModified\":\"2025-10-31T21:13:42+00:00\",\"breadcrumb\":{\"@id\":\"https:\\\/\\\/aluno.shinmuryodojo.com\\\/redefinir-senha\\\/#breadcrumb\"},\"inLanguage\":\"en-US\",\"potentialAction\":[{\"@type\":\"ReadAction\",\"target\":[\"https:\\\/\\\/aluno.shinmuryodojo.com\\\/redefinir-senha\\\/\"]}]},{\"@type\":\"BreadcrumbList\",\"@id\":\"https:\\\/\\\/aluno.shinmuryodojo.com\\\/redefinir-senha\\\/#breadcrumb\",\"itemListElement\":[{\"@type\":\"ListItem\",\"position\":1,\"name\":\"In\u00edcio\",\"item\":\"https:\\\/\\\/aluno.shinmuryodojo.com\\\/\"},{\"@type\":\"ListItem\",\"position\":2,\"name\":\"Redefinir Senha\"}]},{\"@type\":\"WebSite\",\"@id\":\"https:\\\/\\\/aluno.shinmuryodojo.com\\\/#website\",\"url\":\"https:\\\/\\\/aluno.shinmuryodojo.com\\\/\",\"name\":\"NINJUTSU | BUJINKAN SHINMURY\u014c D\u014cJ\u014c\",\"description\":\"SHIHAN GALLENI JUNIOR\",\"potentialAction\":[{\"@type\":\"SearchAction\",\"target\":{\"@type\":\"EntryPoint\",\"urlTemplate\":\"https:\\\/\\\/aluno.shinmuryodojo.com\\\/?s={search_term_string}\"},\"query-input\":{\"@type\":\"PropertyValueSpecification\",\"valueRequired\":true,\"valueName\":\"search_term_string\"}}],\"inLanguage\":\"en-US\"}]}<\/script>\n<!-- \/ Yoast SEO plugin. -->","yoast_head_json":{"title":"Redefinir Senha - NINJUTSU | BUJINKAN SHINMURY\u014c D\u014cJ\u014c","robots":{"index":"index","follow":"follow","max-snippet":"max-snippet:-1","max-image-preview":"max-image-preview:large","max-video-preview":"max-video-preview:-1"},"canonical":"https:\/\/aluno.shinmuryodojo.com\/en\/redefinir-senha\/","og_locale":"en_US","og_type":"article","og_title":"Redefinir Senha - NINJUTSU | BUJINKAN SHINMURY\u014c D\u014cJ\u014c","og_url":"https:\/\/aluno.shinmuryodojo.com\/en\/redefinir-senha\/","og_site_name":"NINJUTSU | BUJINKAN SHINMURY\u014c D\u014cJ\u014c","article_publisher":"https:\/\/www.facebook.com\/BujinkanShinmuryoDojo","article_modified_time":"2025-10-31T21:13:42+00:00","twitter_misc":{"Est. reading time":"1 minute"},"schema":{"@context":"https:\/\/schema.org","@graph":[{"@type":"WebPage","@id":"https:\/\/aluno.shinmuryodojo.com\/redefinir-senha\/","url":"https:\/\/aluno.shinmuryodojo.com\/redefinir-senha\/","name":"Redefinir Senha - NINJUTSU | BUJINKAN SHINMURY\u014c D\u014cJ\u014c","isPartOf":{"@id":"https:\/\/aluno.shinmuryodojo.com\/#website"},"datePublished":"2019-06-13T07:06:24+00:00","dateModified":"2025-10-31T21:13:42+00:00","breadcrumb":{"@id":"https:\/\/aluno.shinmuryodojo.com\/redefinir-senha\/#breadcrumb"},"inLanguage":"en-US","potentialAction":[{"@type":"ReadAction","target":["https:\/\/aluno.shinmuryodojo.com\/redefinir-senha\/"]}]},{"@type":"BreadcrumbList","@id":"https:\/\/aluno.shinmuryodojo.com\/redefinir-senha\/#breadcrumb","itemListElement":[{"@type":"ListItem","position":1,"name":"In\u00edcio","item":"https:\/\/aluno.shinmuryodojo.com\/"},{"@type":"ListItem","position":2,"name":"Redefinir Senha"}]},{"@type":"WebSite","@id":"https:\/\/aluno.shinmuryodojo.com\/#website","url":"https:\/\/aluno.shinmuryodojo.com\/","name":"NINJUTSU | BUJINKAN SHINMURY\u014c D\u014cJ\u014c","description":"SHIHAN GALLENI JUNIOR","potentialAction":[{"@type":"SearchAction","target":{"@type":"EntryPoint","urlTemplate":"https:\/\/aluno.shinmuryodojo.com\/?s={search_term_string}"},"query-input":{"@type":"PropertyValueSpecification","valueRequired":true,"valueName":"search_term_string"}}],"inLanguage":"en-US"}]}},"_links":{"self":[{"href":"https:\/\/aluno.shinmuryodojo.com\/en\/wp-json\/wp\/v2\/pages\/3594","targetHints":{"allow":["GET"]}}],"collection":[{"href":"https:\/\/aluno.shinmuryodojo.com\/en\/wp-json\/wp\/v2\/pages"}],"about":[{"href":"https:\/\/aluno.shinmuryodojo.com\/en\/wp-json\/wp\/v2\/types\/page"}],"author":[{"embeddable":true,"href":"https:\/\/aluno.shinmuryodojo.com\/en\/wp-json\/wp\/v2\/users\/1"}],"replies":[{"embeddable":true,"href":"https:\/\/aluno.shinmuryodojo.com\/en\/wp-json\/wp\/v2\/comments?post=3594"}],"version-history":[{"count":3,"href":"https:\/\/aluno.shinmuryodojo.com\/en\/wp-json\/wp\/v2\/pages\/3594\/revisions"}],"predecessor-version":[{"id":5645,"href":"https:\/\/aluno.shinmuryodojo.com\/en\/wp-json\/wp\/v2\/pages\/3594\/revisions\/5645"}],"wp:attachment":[{"href":"https:\/\/aluno.shinmuryodojo.com\/en\/wp-json\/wp\/v2\/media?parent=3594"}],"curies":[{"name":"wp","href":"https:\/\/api.w.org\/{rel}","templated":true}]}}