{"id":3687,"date":"2019-08-12T21:13:21","date_gmt":"2019-08-13T00:13:21","guid":{"rendered":"https:\/\/shinmuryodojo.com\/?page_id=3687"},"modified":"2024-03-05T23:23:53","modified_gmt":"2024-03-06T02:23:53","slug":"pagamento-cartao-de-graduacao","status":"publish","type":"page","link":"https:\/\/aluno.shinmuryodojo.com\/en\/pagamento-cartao-de-graduacao\/","title":{"rendered":"Pagamento Cart\u00e3o de Gradua\u00e7\u00e3o"},"content":{"rendered":"<div data-elementor-type=\"wp-page\" data-elementor-id=\"3687\" class=\"elementor elementor-3687\" data-elementor-settings=\"{&quot;ha_cmc_init_switcher&quot;:&quot;no&quot;}\">\n\t\t\t\t<div class=\"elementor-element elementor-element-601ba58 e-flex e-con-boxed e-con e-parent\" data-id=\"601ba58\" data-element_type=\"container\" data-e-type=\"container\" data-settings=\"{&quot;_ha_eqh_enable&quot;:false}\">\n\t\t\t\t\t<div class=\"e-con-inner\">\n\t\t\t\t<div class=\"elementor-element elementor-element-288133ef elementor-widget elementor-widget-text-editor\" data-id=\"288133ef\" data-element_type=\"widget\" data-e-type=\"widget\" data-widget_type=\"text-editor.default\">\n\t\t\t\t<div class=\"elementor-widget-container\">\n\t\t\t\t\t\t\t\t\t<p style=\"text-align: center;\">Ol\u00e1. Fa\u00e7a o pagamento para a emiss\u00e3o do seu Cart\u00e3o de Gradua\u00e7\u00e3o.<\/p>\t\t\t\t\t\t\t\t<\/div>\n\t\t\t\t<\/div>\n\t\t\t\t<div class=\"elementor-element elementor-element-6648409 elementor-widget elementor-widget-text-editor\" data-id=\"6648409\" data-element_type=\"widget\" data-e-type=\"widget\" data-widget_type=\"text-editor.default\">\n\t\t\t\t<div class=\"elementor-widget-container\">\n\t\t\t\t\t\t\t\t\t<p style=\"text-align: center;\">Valor: <span style=\"color: #00d600;\"><strong>R$50,00<\/strong><\/span><\/p>\t\t\t\t\t\t\t\t<\/div>\n\t\t\t\t<\/div>\n\t\t\t\t<div class=\"elementor-element elementor-element-bed5f74 elementor-widget elementor-widget-text-editor\" data-id=\"bed5f74\" data-element_type=\"widget\" data-e-type=\"widget\" data-widget_type=\"text-editor.default\">\n\t\t\t\t<div class=\"elementor-widget-container\">\n\t\t\t\t\t\t\t\t\t<p style=\"text-align: center;\"><strong>OBS.:<\/strong> O seu registro ser\u00e1 aprovado ap\u00f3s a confirma\u00e7\u00e3o do pagamento.<\/p>\t\t\t\t\t\t\t\t<\/div>\n\t\t\t\t<\/div>\n\t\t\t\t<div class=\"elementor-element elementor-element-eed6182 elementor-widget elementor-widget-text-editor\" data-id=\"eed6182\" data-element_type=\"widget\" data-e-type=\"widget\" data-widget_type=\"text-editor.default\">\n\t\t\t\t<div class=\"elementor-widget-container\">\n\t\t\t\t\t\t\t\t\t<p style=\"text-align: center;\"><strong>Banco C6<\/strong><br \/>Pix: gallenijunior@gmail.com<br \/>Favorecido: Galleni Junior<\/p>\t\t\t\t\t\t\t\t<\/div>\n\t\t\t\t<\/div>\n\t\t\t\t\t<\/div>\n\t\t\t\t<\/div>\n\t\t\t\t<\/div>","protected":false},"excerpt":{"rendered":"<p>Ol\u00e1. Fa\u00e7a o pagamento para a emiss\u00e3o do seu Cart\u00e3o de Gradua\u00e7\u00e3o. Valor: R$50,00 OBS.: O seu registro ser\u00e1 aprovado ap\u00f3s a confirma\u00e7\u00e3o do pagamento. Banco C6Pix: gallenijunior@gmail.comFavorecido: Galleni Junior<\/p>","protected":false},"author":1,"featured_media":0,"parent":0,"menu_order":0,"comment_status":"closed","ping_status":"closed","template":"","meta":{"pmpro_default_level":"","footnotes":""},"class_list":["post-3687","page","type-page","status-publish","hentry","pmpro-has-access"],"yoast_head":"<!-- This site is optimized with the Yoast SEO plugin v27.5 - https:\/\/yoast.com\/product\/yoast-seo-wordpress\/ -->\n<title>Pagamento Cart\u00e3o de Gradua\u00e7\u00e3o - NINJUTSU | BUJINKAN SHINMURY\u014c D\u014cJ\u014c<\/title>\n<meta name=\"robots\" content=\"index, follow, max-snippet:-1, max-image-preview:large, max-video-preview:-1\" \/>\n<link rel=\"canonical\" href=\"https:\/\/aluno.shinmuryodojo.com\/en\/pagamento-cartao-de-graduacao\/\" \/>\n<meta property=\"og:locale\" content=\"en_US\" \/>\n<meta property=\"og:type\" content=\"article\" \/>\n<meta property=\"og:title\" content=\"Pagamento Cart\u00e3o de Gradua\u00e7\u00e3o - NINJUTSU | BUJINKAN SHINMURY\u014c D\u014cJ\u014c\" \/>\n<meta property=\"og:description\" content=\"Ol\u00e1. Fa\u00e7a o pagamento para a emiss\u00e3o do seu Cart\u00e3o de Gradua\u00e7\u00e3o. Valor: R$50,00 OBS.: O seu registro ser\u00e1 aprovado ap\u00f3s a confirma\u00e7\u00e3o do pagamento. Banco C6Pix: gallenijunior@gmail.comFavorecido: Galleni Junior\" \/>\n<meta property=\"og:url\" content=\"https:\/\/aluno.shinmuryodojo.com\/en\/pagamento-cartao-de-graduacao\/\" \/>\n<meta property=\"og:site_name\" content=\"NINJUTSU | BUJINKAN SHINMURY\u014c D\u014cJ\u014c\" \/>\n<meta property=\"article:publisher\" content=\"https:\/\/www.facebook.com\/BujinkanShinmuryoDojo\" \/>\n<meta property=\"article:modified_time\" content=\"2024-03-06T02:23:53+00:00\" \/>\n<meta name=\"twitter:label1\" content=\"Est. reading time\" \/>\n\t<meta name=\"twitter:data1\" content=\"1 minute\" \/>\n<script type=\"application\/ld+json\" class=\"yoast-schema-graph\">{\"@context\":\"https:\\\/\\\/schema.org\",\"@graph\":[{\"@type\":\"WebPage\",\"@id\":\"https:\\\/\\\/aluno.shinmuryodojo.com\\\/pagamento-cartao-de-graduacao\\\/\",\"url\":\"https:\\\/\\\/aluno.shinmuryodojo.com\\\/pagamento-cartao-de-graduacao\\\/\",\"name\":\"Pagamento Cart\u00e3o de Gradua\u00e7\u00e3o - NINJUTSU | BUJINKAN SHINMURY\u014c D\u014cJ\u014c\",\"isPartOf\":{\"@id\":\"https:\\\/\\\/aluno.shinmuryodojo.com\\\/#website\"},\"datePublished\":\"2019-08-13T00:13:21+00:00\",\"dateModified\":\"2024-03-06T02:23:53+00:00\",\"breadcrumb\":{\"@id\":\"https:\\\/\\\/aluno.shinmuryodojo.com\\\/pagamento-cartao-de-graduacao\\\/#breadcrumb\"},\"inLanguage\":\"en-US\",\"potentialAction\":[{\"@type\":\"ReadAction\",\"target\":[\"https:\\\/\\\/aluno.shinmuryodojo.com\\\/pagamento-cartao-de-graduacao\\\/\"]}]},{\"@type\":\"BreadcrumbList\",\"@id\":\"https:\\\/\\\/aluno.shinmuryodojo.com\\\/pagamento-cartao-de-graduacao\\\/#breadcrumb\",\"itemListElement\":[{\"@type\":\"ListItem\",\"position\":1,\"name\":\"In\u00edcio\",\"item\":\"https:\\\/\\\/aluno.shinmuryodojo.com\\\/\"},{\"@type\":\"ListItem\",\"position\":2,\"name\":\"Pagamento Cart\u00e3o de Gradua\u00e7\u00e3o\"}]},{\"@type\":\"WebSite\",\"@id\":\"https:\\\/\\\/aluno.shinmuryodojo.com\\\/#website\",\"url\":\"https:\\\/\\\/aluno.shinmuryodojo.com\\\/\",\"name\":\"NINJUTSU | BUJINKAN SHINMURY\u014c D\u014cJ\u014c\",\"description\":\"SHIHAN GALLENI JUNIOR\",\"potentialAction\":[{\"@type\":\"SearchAction\",\"target\":{\"@type\":\"EntryPoint\",\"urlTemplate\":\"https:\\\/\\\/aluno.shinmuryodojo.com\\\/?s={search_term_string}\"},\"query-input\":{\"@type\":\"PropertyValueSpecification\",\"valueRequired\":true,\"valueName\":\"search_term_string\"}}],\"inLanguage\":\"en-US\"}]}<\/script>\n<!-- \/ Yoast SEO plugin. -->","yoast_head_json":{"title":"Pagamento Cart\u00e3o de Gradua\u00e7\u00e3o - NINJUTSU | BUJINKAN SHINMURY\u014c D\u014cJ\u014c","robots":{"index":"index","follow":"follow","max-snippet":"max-snippet:-1","max-image-preview":"max-image-preview:large","max-video-preview":"max-video-preview:-1"},"canonical":"https:\/\/aluno.shinmuryodojo.com\/en\/pagamento-cartao-de-graduacao\/","og_locale":"en_US","og_type":"article","og_title":"Pagamento Cart\u00e3o de Gradua\u00e7\u00e3o - NINJUTSU | BUJINKAN SHINMURY\u014c D\u014cJ\u014c","og_description":"Ol\u00e1. Fa\u00e7a o pagamento para a emiss\u00e3o do seu Cart\u00e3o de Gradua\u00e7\u00e3o. Valor: R$50,00 OBS.: O seu registro ser\u00e1 aprovado ap\u00f3s a confirma\u00e7\u00e3o do pagamento. Banco C6Pix: gallenijunior@gmail.comFavorecido: Galleni Junior","og_url":"https:\/\/aluno.shinmuryodojo.com\/en\/pagamento-cartao-de-graduacao\/","og_site_name":"NINJUTSU | BUJINKAN SHINMURY\u014c D\u014cJ\u014c","article_publisher":"https:\/\/www.facebook.com\/BujinkanShinmuryoDojo","article_modified_time":"2024-03-06T02:23:53+00:00","twitter_misc":{"Est. reading time":"1 minute"},"schema":{"@context":"https:\/\/schema.org","@graph":[{"@type":"WebPage","@id":"https:\/\/aluno.shinmuryodojo.com\/pagamento-cartao-de-graduacao\/","url":"https:\/\/aluno.shinmuryodojo.com\/pagamento-cartao-de-graduacao\/","name":"Pagamento Cart\u00e3o de Gradua\u00e7\u00e3o - NINJUTSU | BUJINKAN SHINMURY\u014c D\u014cJ\u014c","isPartOf":{"@id":"https:\/\/aluno.shinmuryodojo.com\/#website"},"datePublished":"2019-08-13T00:13:21+00:00","dateModified":"2024-03-06T02:23:53+00:00","breadcrumb":{"@id":"https:\/\/aluno.shinmuryodojo.com\/pagamento-cartao-de-graduacao\/#breadcrumb"},"inLanguage":"en-US","potentialAction":[{"@type":"ReadAction","target":["https:\/\/aluno.shinmuryodojo.com\/pagamento-cartao-de-graduacao\/"]}]},{"@type":"BreadcrumbList","@id":"https:\/\/aluno.shinmuryodojo.com\/pagamento-cartao-de-graduacao\/#breadcrumb","itemListElement":[{"@type":"ListItem","position":1,"name":"In\u00edcio","item":"https:\/\/aluno.shinmuryodojo.com\/"},{"@type":"ListItem","position":2,"name":"Pagamento Cart\u00e3o de Gradua\u00e7\u00e3o"}]},{"@type":"WebSite","@id":"https:\/\/aluno.shinmuryodojo.com\/#website","url":"https:\/\/aluno.shinmuryodojo.com\/","name":"NINJUTSU | BUJINKAN SHINMURY\u014c D\u014cJ\u014c","description":"SHIHAN GALLENI JUNIOR","potentialAction":[{"@type":"SearchAction","target":{"@type":"EntryPoint","urlTemplate":"https:\/\/aluno.shinmuryodojo.com\/?s={search_term_string}"},"query-input":{"@type":"PropertyValueSpecification","valueRequired":true,"valueName":"search_term_string"}}],"inLanguage":"en-US"}]}},"_links":{"self":[{"href":"https:\/\/aluno.shinmuryodojo.com\/en\/wp-json\/wp\/v2\/pages\/3687","targetHints":{"allow":["GET"]}}],"collection":[{"href":"https:\/\/aluno.shinmuryodojo.com\/en\/wp-json\/wp\/v2\/pages"}],"about":[{"href":"https:\/\/aluno.shinmuryodojo.com\/en\/wp-json\/wp\/v2\/types\/page"}],"author":[{"embeddable":true,"href":"https:\/\/aluno.shinmuryodojo.com\/en\/wp-json\/wp\/v2\/users\/1"}],"replies":[{"embeddable":true,"href":"https:\/\/aluno.shinmuryodojo.com\/en\/wp-json\/wp\/v2\/comments?post=3687"}],"version-history":[{"count":16,"href":"https:\/\/aluno.shinmuryodojo.com\/en\/wp-json\/wp\/v2\/pages\/3687\/revisions"}],"predecessor-version":[{"id":5327,"href":"https:\/\/aluno.shinmuryodojo.com\/en\/wp-json\/wp\/v2\/pages\/3687\/revisions\/5327"}],"wp:attachment":[{"href":"https:\/\/aluno.shinmuryodojo.com\/en\/wp-json\/wp\/v2\/media?parent=3687"}],"curies":[{"name":"wp","href":"https:\/\/api.w.org\/{rel}","templated":true}]}}