{"id":4333,"date":"2020-12-29T22:40:21","date_gmt":"2020-12-30T01:40:21","guid":{"rendered":"https:\/\/shinmuryodojo.com\/?page_id=4333"},"modified":"2024-12-16T22:36:02","modified_gmt":"2024-12-17T01:36:02","slug":"aula-avulsa","status":"publish","type":"page","link":"https:\/\/aluno.shinmuryodojo.com\/en\/aula-avulsa\/","title":{"rendered":"Aula Avulsa"},"content":{"rendered":"<div data-elementor-type=\"wp-page\" data-elementor-id=\"4333\" class=\"elementor elementor-4333\" data-elementor-settings=\"{&quot;ha_cmc_init_switcher&quot;:&quot;no&quot;}\">\n\t\t\t\t<div class=\"elementor-element elementor-element-27e78a9b e-flex e-con-boxed e-con e-parent\" data-id=\"27e78a9b\" data-element_type=\"container\" data-e-type=\"container\" data-settings=\"{&quot;_ha_eqh_enable&quot;:false}\">\n\t\t\t\t\t<div class=\"e-con-inner\">\n\t\t<div class=\"elementor-element elementor-element-71e1194 e-con-full e-flex e-con e-child\" data-id=\"71e1194\" data-element_type=\"container\" data-e-type=\"container\" data-settings=\"{&quot;_ha_eqh_enable&quot;:false}\">\n\t\t<div class=\"elementor-element elementor-element-6d669e1 e-con-full e-flex e-con e-child\" data-id=\"6d669e1\" data-element_type=\"container\" data-e-type=\"container\" data-settings=\"{&quot;_ha_eqh_enable&quot;:false}\">\n\t\t\t\t<div class=\"elementor-element elementor-element-68dd2ee ha-has-bg-overlay elementor-widget elementor-widget-heading\" data-id=\"68dd2ee\" data-element_type=\"widget\" data-e-type=\"widget\" data-widget_type=\"heading.default\">\n\t\t\t\t<div class=\"elementor-widget-container\">\n\t\t\t\t\t<h5 class=\"elementor-heading-title elementor-size-default\">AULA AVULSA<\/h5>\t\t\t\t<\/div>\n\t\t\t\t<\/div>\n\t\t\t\t<div class=\"elementor-element elementor-element-973b532 ha-has-bg-overlay elementor-widget elementor-widget-heading\" data-id=\"973b532\" data-element_type=\"widget\" data-e-type=\"widget\" data-widget_type=\"heading.default\">\n\t\t\t\t<div class=\"elementor-widget-container\">\n\t\t\t\t\t<h5 class=\"elementor-heading-title elementor-size-default\">R$60,00<\/h5>\t\t\t\t<\/div>\n\t\t\t\t<\/div>\n\t\t\t\t<div class=\"elementor-element elementor-element-d0f3a85 ha-has-bg-overlay elementor-widget elementor-widget-heading\" data-id=\"d0f3a85\" data-element_type=\"widget\" data-e-type=\"widget\" data-widget_type=\"heading.default\">\n\t\t\t\t<div class=\"elementor-widget-container\">\n\t\t\t\t\t<h5 class=\"elementor-heading-title elementor-size-default\">FORMA DE PAGAMENTO<\/h5>\t\t\t\t<\/div>\n\t\t\t\t<\/div>\n\t\t\t\t<div class=\"elementor-element elementor-element-506dcc2 elementor-widget elementor-widget-text-editor\" data-id=\"506dcc2\" data-element_type=\"widget\" data-e-type=\"widget\" data-widget_type=\"text-editor.default\">\n\t\t\t\t<div class=\"elementor-widget-container\">\n\t\t\t\t\t\t\t\t\t<p style=\"text-align: center;\">Pix<\/p>\t\t\t\t\t\t\t\t<\/div>\n\t\t\t\t<\/div>\n\t\t\t\t<div class=\"elementor-element elementor-element-f8f854f elementor-widget elementor-widget-ha-creative-button happy-addon ha-creative-button\" data-id=\"f8f854f\" data-element_type=\"widget\" data-e-type=\"widget\" data-widget_type=\"ha-creative-button.default\">\n\t\t\t\t<div class=\"elementor-widget-container\">\n\t\t\t\t\t\t\t<div data-magnetic=\"yes\" class=\"ha-creative-btn-wrap\">\n\t\t\t<a class=\"ha-creative-btn ha-stl--hermosa ha-eft--reshape\" href=\"https:\/\/wa.me\/message\/V4RLNUU3OEMSK1\" target=\"_blank\" rel=\"nofollow\"><span>SOLICITAR PIX<\/span><\/a>\n\t\t<\/div>\t\t\t\t<\/div>\n\t\t\t\t<\/div>\n\t\t\t\t<\/div>\n\t\t\t\t<\/div>\n\t\t\t\t\t<\/div>\n\t\t\t\t<\/div>\n\t\t\t\t<\/div>","protected":false},"excerpt":{"rendered":"<p>AULA AVULSA R$60,00 FORMA DE PAGAMENTO Pix SOLICITAR PIX<\/p>","protected":false},"author":1,"featured_media":0,"parent":0,"menu_order":0,"comment_status":"closed","ping_status":"closed","template":"","meta":{"pmpro_default_level":"","footnotes":""},"class_list":["post-4333","page","type-page","status-publish","hentry","pmpro-has-access"],"yoast_head":"<!-- This site is optimized with the Yoast SEO plugin v27.5 - https:\/\/yoast.com\/product\/yoast-seo-wordpress\/ -->\n<title>Aula Avulsa - NINJUTSU | BUJINKAN SHINMURY\u014c D\u014cJ\u014c<\/title>\n<meta name=\"robots\" content=\"index, follow, max-snippet:-1, max-image-preview:large, max-video-preview:-1\" \/>\n<link rel=\"canonical\" href=\"https:\/\/aluno.shinmuryodojo.com\/en\/aula-avulsa\/\" \/>\n<meta property=\"og:locale\" content=\"en_US\" \/>\n<meta property=\"og:type\" content=\"article\" \/>\n<meta property=\"og:title\" content=\"Aula Avulsa - NINJUTSU | BUJINKAN SHINMURY\u014c D\u014cJ\u014c\" \/>\n<meta property=\"og:description\" content=\"AULA AVULSA R$60,00 FORMA DE PAGAMENTO Pix SOLICITAR PIX\" \/>\n<meta property=\"og:url\" content=\"https:\/\/aluno.shinmuryodojo.com\/en\/aula-avulsa\/\" \/>\n<meta property=\"og:site_name\" content=\"NINJUTSU | BUJINKAN SHINMURY\u014c D\u014cJ\u014c\" \/>\n<meta property=\"article:publisher\" content=\"https:\/\/www.facebook.com\/BujinkanShinmuryoDojo\" \/>\n<meta property=\"article:modified_time\" content=\"2024-12-17T01:36:02+00:00\" \/>\n<meta name=\"twitter:label1\" content=\"Est. reading time\" \/>\n\t<meta name=\"twitter:data1\" content=\"1 minute\" \/>\n<script type=\"application\/ld+json\" class=\"yoast-schema-graph\">{\"@context\":\"https:\\\/\\\/schema.org\",\"@graph\":[{\"@type\":\"WebPage\",\"@id\":\"https:\\\/\\\/aluno.shinmuryodojo.com\\\/aula-avulsa\\\/\",\"url\":\"https:\\\/\\\/aluno.shinmuryodojo.com\\\/aula-avulsa\\\/\",\"name\":\"Aula Avulsa - NINJUTSU | BUJINKAN SHINMURY\u014c D\u014cJ\u014c\",\"isPartOf\":{\"@id\":\"https:\\\/\\\/aluno.shinmuryodojo.com\\\/#website\"},\"datePublished\":\"2020-12-30T01:40:21+00:00\",\"dateModified\":\"2024-12-17T01:36:02+00:00\",\"breadcrumb\":{\"@id\":\"https:\\\/\\\/aluno.shinmuryodojo.com\\\/aula-avulsa\\\/#breadcrumb\"},\"inLanguage\":\"en-US\",\"potentialAction\":[{\"@type\":\"ReadAction\",\"target\":[\"https:\\\/\\\/aluno.shinmuryodojo.com\\\/aula-avulsa\\\/\"]}]},{\"@type\":\"BreadcrumbList\",\"@id\":\"https:\\\/\\\/aluno.shinmuryodojo.com\\\/aula-avulsa\\\/#breadcrumb\",\"itemListElement\":[{\"@type\":\"ListItem\",\"position\":1,\"name\":\"In\u00edcio\",\"item\":\"https:\\\/\\\/aluno.shinmuryodojo.com\\\/\"},{\"@type\":\"ListItem\",\"position\":2,\"name\":\"Aula Avulsa\"}]},{\"@type\":\"WebSite\",\"@id\":\"https:\\\/\\\/aluno.shinmuryodojo.com\\\/#website\",\"url\":\"https:\\\/\\\/aluno.shinmuryodojo.com\\\/\",\"name\":\"NINJUTSU | BUJINKAN SHINMURY\u014c D\u014cJ\u014c\",\"description\":\"SHIHAN GALLENI JUNIOR\",\"potentialAction\":[{\"@type\":\"SearchAction\",\"target\":{\"@type\":\"EntryPoint\",\"urlTemplate\":\"https:\\\/\\\/aluno.shinmuryodojo.com\\\/?s={search_term_string}\"},\"query-input\":{\"@type\":\"PropertyValueSpecification\",\"valueRequired\":true,\"valueName\":\"search_term_string\"}}],\"inLanguage\":\"en-US\"}]}<\/script>\n<!-- \/ Yoast SEO plugin. -->","yoast_head_json":{"title":"Aula Avulsa - NINJUTSU | BUJINKAN SHINMURY\u014c D\u014cJ\u014c","robots":{"index":"index","follow":"follow","max-snippet":"max-snippet:-1","max-image-preview":"max-image-preview:large","max-video-preview":"max-video-preview:-1"},"canonical":"https:\/\/aluno.shinmuryodojo.com\/en\/aula-avulsa\/","og_locale":"en_US","og_type":"article","og_title":"Aula Avulsa - NINJUTSU | BUJINKAN SHINMURY\u014c D\u014cJ\u014c","og_description":"AULA AVULSA R$60,00 FORMA DE PAGAMENTO Pix SOLICITAR PIX","og_url":"https:\/\/aluno.shinmuryodojo.com\/en\/aula-avulsa\/","og_site_name":"NINJUTSU | BUJINKAN SHINMURY\u014c D\u014cJ\u014c","article_publisher":"https:\/\/www.facebook.com\/BujinkanShinmuryoDojo","article_modified_time":"2024-12-17T01:36:02+00:00","twitter_misc":{"Est. reading time":"1 minute"},"schema":{"@context":"https:\/\/schema.org","@graph":[{"@type":"WebPage","@id":"https:\/\/aluno.shinmuryodojo.com\/aula-avulsa\/","url":"https:\/\/aluno.shinmuryodojo.com\/aula-avulsa\/","name":"Aula Avulsa - NINJUTSU | BUJINKAN SHINMURY\u014c D\u014cJ\u014c","isPartOf":{"@id":"https:\/\/aluno.shinmuryodojo.com\/#website"},"datePublished":"2020-12-30T01:40:21+00:00","dateModified":"2024-12-17T01:36:02+00:00","breadcrumb":{"@id":"https:\/\/aluno.shinmuryodojo.com\/aula-avulsa\/#breadcrumb"},"inLanguage":"en-US","potentialAction":[{"@type":"ReadAction","target":["https:\/\/aluno.shinmuryodojo.com\/aula-avulsa\/"]}]},{"@type":"BreadcrumbList","@id":"https:\/\/aluno.shinmuryodojo.com\/aula-avulsa\/#breadcrumb","itemListElement":[{"@type":"ListItem","position":1,"name":"In\u00edcio","item":"https:\/\/aluno.shinmuryodojo.com\/"},{"@type":"ListItem","position":2,"name":"Aula Avulsa"}]},{"@type":"WebSite","@id":"https:\/\/aluno.shinmuryodojo.com\/#website","url":"https:\/\/aluno.shinmuryodojo.com\/","name":"NINJUTSU | BUJINKAN SHINMURY\u014c D\u014cJ\u014c","description":"SHIHAN GALLENI JUNIOR","potentialAction":[{"@type":"SearchAction","target":{"@type":"EntryPoint","urlTemplate":"https:\/\/aluno.shinmuryodojo.com\/?s={search_term_string}"},"query-input":{"@type":"PropertyValueSpecification","valueRequired":true,"valueName":"search_term_string"}}],"inLanguage":"en-US"}]}},"_links":{"self":[{"href":"https:\/\/aluno.shinmuryodojo.com\/en\/wp-json\/wp\/v2\/pages\/4333","targetHints":{"allow":["GET"]}}],"collection":[{"href":"https:\/\/aluno.shinmuryodojo.com\/en\/wp-json\/wp\/v2\/pages"}],"about":[{"href":"https:\/\/aluno.shinmuryodojo.com\/en\/wp-json\/wp\/v2\/types\/page"}],"author":[{"embeddable":true,"href":"https:\/\/aluno.shinmuryodojo.com\/en\/wp-json\/wp\/v2\/users\/1"}],"replies":[{"embeddable":true,"href":"https:\/\/aluno.shinmuryodojo.com\/en\/wp-json\/wp\/v2\/comments?post=4333"}],"version-history":[{"count":21,"href":"https:\/\/aluno.shinmuryodojo.com\/en\/wp-json\/wp\/v2\/pages\/4333\/revisions"}],"predecessor-version":[{"id":5403,"href":"https:\/\/aluno.shinmuryodojo.com\/en\/wp-json\/wp\/v2\/pages\/4333\/revisions\/5403"}],"wp:attachment":[{"href":"https:\/\/aluno.shinmuryodojo.com\/en\/wp-json\/wp\/v2\/media?parent=4333"}],"curies":[{"name":"wp","href":"https:\/\/api.w.org\/{rel}","templated":true}]}}