{"id":4344,"date":"2020-12-29T23:19:27","date_gmt":"2020-12-30T02:19:27","guid":{"rendered":"https:\/\/shinmuryodojo.com\/?page_id=4344"},"modified":"2026-03-27T23:09:55","modified_gmt":"2026-03-28T02:09:55","slug":"planos","status":"publish","type":"page","link":"https:\/\/aluno.shinmuryodojo.com\/en\/planos\/","title":{"rendered":"Planos"},"content":{"rendered":"<div data-elementor-type=\"wp-page\" data-elementor-id=\"4344\" class=\"elementor elementor-4344\" data-elementor-settings=\"{&quot;ha_cmc_init_switcher&quot;:&quot;no&quot;}\">\n\t\t\t\t<div class=\"elementor-element elementor-element-ebafb06 e-flex e-con-boxed e-con e-parent\" data-id=\"ebafb06\" data-element_type=\"container\" data-e-type=\"container\" data-settings=\"{&quot;_ha_eqh_enable&quot;:false}\">\n\t\t\t\t\t<div class=\"e-con-inner\">\n\t\t\t\t<div class=\"elementor-element elementor-element-0f745f7 elementor-widget elementor-widget-heading\" data-id=\"0f745f7\" data-element_type=\"widget\" data-e-type=\"widget\" data-widget_type=\"heading.default\">\n\t\t\t\t<div class=\"elementor-widget-container\">\n\t\t\t\t\t<h2 class=\"elementor-heading-title elementor-size-default\">Car\u00e1ter antes da t\u00e9cnica<\/h2>\t\t\t\t<\/div>\n\t\t\t\t<\/div>\n\t\t\t\t<div class=\"elementor-element elementor-element-d3c8585 elementor-widget elementor-widget-text-editor\" data-id=\"d3c8585\" data-element_type=\"widget\" data-e-type=\"widget\" data-widget_type=\"text-editor.default\">\n\t\t\t\t<div class=\"elementor-widget-container\">\n\t\t\t\t\t\t\t\t\t<p>Treinar Artes Marciais n\u00e3o \u00e9 apenas aprender t\u00e9cnicas, \u00e9 assumir um caminho. Esse caminho exige \u00e9tica, respeito e responsabilidade. Quando voc\u00ea entra em um <em>D\u014dj\u014d<\/em>, voc\u00ea n\u00e3o est\u00e1 comprando um servi\u00e7o comum; voc\u00ea est\u00e1 firmando um compromisso com um grupo, com um professor e, principalmente, consigo mesmo.<\/p><p>\u00c9tica marcial come\u00e7a com coer\u00eancia entre palavra e a\u00e7\u00e3o. Comparecer aos treinos quando se comprometeu, cuidar do espa\u00e7o e tratar os colegas com dignidade n\u00e3o s\u00e3o favores: S\u00e3o deveres. Um <em>D\u014dj\u014d<\/em> s\u00f3 se mant\u00e9m forte quando cada praticante entende que suas escolhas impactam todos ao redor.<\/p><p>Compromisso com o professor n\u00e3o significa obedi\u00eancia cega, mas honestidade, respeito e transpar\u00eancia. O professor investe tempo, energia e responsabilidade na sua evolu\u00e7\u00e3o. Desaparecer sem explica\u00e7\u00e3o n\u00e3o \u00e9 neutralidade, \u00e9 uma quebra de car\u00e1ter.<\/p><p>Se em algum momento voc\u00ea decidir encerrar sua jornada, fa\u00e7a isso de forma direta e respeitosa. Comunicar seu desligamento \u00e9 um ato de maturidade. Mostra que voc\u00ea compreendeu que Artes Marciais n\u00e3o s\u00e3o consumo r\u00e1pido, mas uma rela\u00e7\u00e3o constru\u00edda.<\/p><p>Lembre-se: t\u00e9cnica impressiona, mas car\u00e1ter sustenta. O verdadeiro guerreiro n\u00e3o \u00e9 medido apenas pelo que executa em combate, mas pela forma como honra seus compromissos.<\/p>\t\t\t\t\t\t\t\t<\/div>\n\t\t\t\t<\/div>\n\t\t\t\t\t<\/div>\n\t\t\t\t<\/div>\n\t\t<div class=\"elementor-element elementor-element-9d2ce6e e-flex e-con-boxed e-con e-parent\" data-id=\"9d2ce6e\" data-element_type=\"container\" data-e-type=\"container\" data-settings=\"{&quot;_ha_eqh_enable&quot;:false}\">\n\t\t\t\t\t<div class=\"e-con-inner\">\n\t\t\t\t<div class=\"elementor-element elementor-element-cd42bd9 elementor-widget elementor-widget-image\" data-id=\"cd42bd9\" data-element_type=\"widget\" data-e-type=\"widget\" data-widget_type=\"image.default\">\n\t\t\t\t<div class=\"elementor-widget-container\">\n\t\t\t\t\t\t\t\t\t\t\t\t\t\t\t\t<a href=\"https:\/\/shinmuryodojo.com\/arquivos\/Cartao-de-Graduacao.png\" data-elementor-open-lightbox=\"yes\" data-e-action-hash=\"#elementor-action%3Aaction%3Dlightbox%26settings%3DW10%3D\">\n\t\t\t\t\t\t\t<img decoding=\"async\" src=\"https:\/\/shinmuryodojo.com\/arquivos\/Cartao-de-Graduacao.png\" title=\"\" alt=\"\" loading=\"lazy\" \/>\t\t\t\t\t\t\t\t<\/a>\n\t\t\t\t\t\t\t\t\t\t\t\t\t\t\t<\/div>\n\t\t\t\t<\/div>\n\t\t\t\t<div class=\"elementor-element elementor-element-d8f76e7 elementor-widget elementor-widget-text-editor\" data-id=\"d8f76e7\" data-element_type=\"widget\" data-e-type=\"widget\" data-widget_type=\"text-editor.default\">\n\t\t\t\t<div class=\"elementor-widget-container\">\n\t\t\t\t\t\t\t\t\t<p style=\"text-align: center;\"><strong>Matr\u00edcula:<\/strong> <span style=\"color: #02ba02;\"><strong>R$50,00<\/strong><\/span> (Receber\u00e1 um Cart\u00e3o de Registro de Gradua\u00e7\u00f5es).<br \/>Apostila <strong><a href=\"https:\/\/www.amazon.com\/dp\/B0CL32STLZ\" target=\"_blank\" rel=\"noopener\"><em>Ky\u016b Densh\u014d<\/em><\/a><\/strong>: <span style=\"color: #02ba02;\"><strong>R$260,00<\/strong><\/span><\/p>\t\t\t\t\t\t\t\t<\/div>\n\t\t\t\t<\/div>\n\t\t\t\t\t<\/div>\n\t\t\t\t<\/div>\n\t\t<div class=\"elementor-element elementor-element-23c11f0 e-flex e-con-boxed e-con e-parent\" data-id=\"23c11f0\" data-element_type=\"container\" data-e-type=\"container\" data-settings=\"{&quot;_ha_eqh_enable&quot;:false}\">\n\t\t\t\t\t<div class=\"e-con-inner\">\n\t\t<div class=\"elementor-element elementor-element-7845437 e-con-full e-flex e-con e-child\" data-id=\"7845437\" data-element_type=\"container\" data-e-type=\"container\" data-settings=\"{&quot;_ha_eqh_enable&quot;:false}\">\n\t\t\t\t<div class=\"elementor-element elementor-element-3b59523 ha-has-bg-overlay elementor-widget elementor-widget-heading\" data-id=\"3b59523\" data-element_type=\"widget\" data-e-type=\"widget\" data-widget_type=\"heading.default\">\n\t\t\t\t<div class=\"elementor-widget-container\">\n\t\t\t\t\t<h5 class=\"elementor-heading-title elementor-size-default\">AULA AVULSA<\/h5>\t\t\t\t<\/div>\n\t\t\t\t<\/div>\n\t\t\t\t<div class=\"elementor-element elementor-element-abbd717 ha-has-bg-overlay elementor-widget elementor-widget-heading\" data-id=\"abbd717\" data-element_type=\"widget\" data-e-type=\"widget\" data-widget_type=\"heading.default\">\n\t\t\t\t<div class=\"elementor-widget-container\">\n\t\t\t\t\t<h5 class=\"elementor-heading-title elementor-size-default\">R$60,00<\/h5>\t\t\t\t<\/div>\n\t\t\t\t<\/div>\n\t\t\t\t<div class=\"elementor-element elementor-element-da04488 ha-has-bg-overlay elementor-widget elementor-widget-heading\" data-id=\"da04488\" data-element_type=\"widget\" data-e-type=\"widget\" data-widget_type=\"heading.default\">\n\t\t\t\t<div class=\"elementor-widget-container\">\n\t\t\t\t\t<h5 class=\"elementor-heading-title elementor-size-default\">FORMA DE PAGAMENTO<\/h5>\t\t\t\t<\/div>\n\t\t\t\t<\/div>\n\t\t\t\t<div class=\"elementor-element elementor-element-b28b7b3 elementor-widget elementor-widget-image\" data-id=\"b28b7b3\" data-element_type=\"widget\" data-e-type=\"widget\" data-widget_type=\"image.default\">\n\t\t\t\t<div class=\"elementor-widget-container\">\n\t\t\t\t\t\t\t\t\t\t\t\t\t\t\t<img decoding=\"async\" src=\"https:\/\/aluno.shinmuryodojo.com\/wp-content\/uploads\/elementor\/thumbs\/logo_pix-qymbyaapwqvyu17u76is26fdhrukwwsro06ct25c2m.png\" title=\"logo_pix\" alt=\"logo_pix\" loading=\"lazy\" \/>\t\t\t\t\t\t\t\t\t\t\t\t\t\t\t<\/div>\n\t\t\t\t<\/div>\n\t\t\t\t<\/div>\n\t\t<div class=\"elementor-element elementor-element-51dfd2e e-con-full e-flex e-con e-child\" data-id=\"51dfd2e\" data-element_type=\"container\" data-e-type=\"container\" data-settings=\"{&quot;_ha_eqh_enable&quot;:false}\">\n\t\t\t\t<div class=\"elementor-element elementor-element-9bb5c6c ha-has-bg-overlay elementor-widget elementor-widget-heading\" data-id=\"9bb5c6c\" data-element_type=\"widget\" data-e-type=\"widget\" data-widget_type=\"heading.default\">\n\t\t\t\t<div class=\"elementor-widget-container\">\n\t\t\t\t\t<h5 class=\"elementor-heading-title elementor-size-default\">MENSALIDADE PIX<\/h5>\t\t\t\t<\/div>\n\t\t\t\t<\/div>\n\t\t\t\t<div class=\"elementor-element elementor-element-8da0b88 ha-has-bg-overlay elementor-widget elementor-widget-heading\" data-id=\"8da0b88\" data-element_type=\"widget\" data-e-type=\"widget\" data-widget_type=\"heading.default\">\n\t\t\t\t<div class=\"elementor-widget-container\">\n\t\t\t\t\t<h5 class=\"elementor-heading-title elementor-size-default\">R$220,00<\/h5>\t\t\t\t<\/div>\n\t\t\t\t<\/div>\n\t\t\t\t<div class=\"elementor-element elementor-element-593a813 ha-has-bg-overlay elementor-widget elementor-widget-heading\" data-id=\"593a813\" data-element_type=\"widget\" data-e-type=\"widget\" data-widget_type=\"heading.default\">\n\t\t\t\t<div class=\"elementor-widget-container\">\n\t\t\t\t\t<h5 class=\"elementor-heading-title elementor-size-default\">FORMA DE PAGAMENTO<\/h5>\t\t\t\t<\/div>\n\t\t\t\t<\/div>\n\t\t\t\t<div class=\"elementor-element elementor-element-0fa44e5 elementor-widget elementor-widget-image\" data-id=\"0fa44e5\" data-element_type=\"widget\" data-e-type=\"widget\" data-widget_type=\"image.default\">\n\t\t\t\t<div class=\"elementor-widget-container\">\n\t\t\t\t\t\t\t\t\t\t\t\t\t\t\t<img decoding=\"async\" src=\"https:\/\/aluno.shinmuryodojo.com\/wp-content\/uploads\/elementor\/thumbs\/logo_pix-qymbyaapwqvyu17u76is26fdhrukwwsro06ct25c2m.png\" title=\"logo_pix\" alt=\"logo_pix\" loading=\"lazy\" \/>\t\t\t\t\t\t\t\t\t\t\t\t\t\t\t<\/div>\n\t\t\t\t<\/div>\n\t\t\t\t<\/div>\n\t\t<div class=\"elementor-element elementor-element-cf0e637 e-con-full e-flex e-con e-child\" data-id=\"cf0e637\" data-element_type=\"container\" data-e-type=\"container\" data-settings=\"{&quot;_ha_eqh_enable&quot;:false}\">\n\t\t\t\t<div class=\"elementor-element elementor-element-ec077d8 ha-has-bg-overlay elementor-widget elementor-widget-heading\" data-id=\"ec077d8\" data-element_type=\"widget\" data-e-type=\"widget\" data-widget_type=\"heading.default\">\n\t\t\t\t<div class=\"elementor-widget-container\">\n\t\t\t\t\t<h5 class=\"elementor-heading-title elementor-size-default\">PLANO RECORRENTE<\/h5>\t\t\t\t<\/div>\n\t\t\t\t<\/div>\n\t\t\t\t<div class=\"elementor-element elementor-element-8b2f755 ha-has-bg-overlay elementor-widget elementor-widget-heading\" data-id=\"8b2f755\" data-element_type=\"widget\" data-e-type=\"widget\" data-widget_type=\"heading.default\">\n\t\t\t\t<div class=\"elementor-widget-container\">\n\t\t\t\t\t<h5 class=\"elementor-heading-title elementor-size-default\">R$180,00<\/h5>\t\t\t\t<\/div>\n\t\t\t\t<\/div>\n\t\t\t\t<div class=\"elementor-element elementor-element-2fc565c ha-has-bg-overlay elementor-widget elementor-widget-heading\" data-id=\"2fc565c\" data-element_type=\"widget\" data-e-type=\"widget\" data-widget_type=\"heading.default\">\n\t\t\t\t<div class=\"elementor-widget-container\">\n\t\t\t\t\t<h5 class=\"elementor-heading-title elementor-size-default\">FORMA DE PAGAMENTO<\/h5>\t\t\t\t<\/div>\n\t\t\t\t<\/div>\n\t\t\t\t<div class=\"elementor-element elementor-element-f99eff2 elementor-widget elementor-widget-text-editor\" data-id=\"f99eff2\" data-element_type=\"widget\" data-e-type=\"widget\" data-widget_type=\"text-editor.default\">\n\t\t\t\t<div class=\"elementor-widget-container\">\n\t\t\t\t\t\t\t\t\t<p style=\"text-align: center;\">D\u00e9bito Autom\u00e1tico ou<br \/><a href=\"https:\/\/mpago.li\/1FF1hMe\" target=\"_blank\" rel=\"noopener\"><span style=\"color: #009dff;\"><em><strong>Mercado Pago<\/strong><\/em><\/span><\/a>\u00a0ou <strong><em><a href=\"https:\/\/www.paypal.com\/br\/webapps\/mpp\/how-to-add-a-funding-instrument\" target=\"_blank\" rel=\"noopener noreferrer\"><span style=\"color: #013084;\">Pay<\/span><span style=\"color: #2a6190;\"><span style=\"color: #0d9cdb;\">Pal<\/span><\/span><\/a><\/em><\/strong><br \/>(Cart\u00e3o de Cr\u00e9dito)<\/p>\t\t\t\t\t\t\t\t<\/div>\n\t\t\t\t<\/div>\n\t\t\t\t<div class=\"elementor-element elementor-element-c52374e ha-has-bg-overlay elementor-widget elementor-widget-heading\" data-id=\"c52374e\" data-element_type=\"widget\" data-e-type=\"widget\" data-widget_type=\"heading.default\">\n\t\t\t\t<div class=\"elementor-widget-container\">\n\t\t\t\t\t<h5 class=\"elementor-heading-title elementor-size-default\">MELHOR OP\u00c7\u00c3O<\/h5>\t\t\t\t<\/div>\n\t\t\t\t<\/div>\n\t\t\t\t<\/div>\n\t\t<div class=\"elementor-element elementor-element-30ec36d e-con-full e-flex e-con e-child\" data-id=\"30ec36d\" data-element_type=\"container\" data-e-type=\"container\" data-settings=\"{&quot;_ha_eqh_enable&quot;:false}\">\n\t\t\t\t<div class=\"elementor-element elementor-element-e98ef8c ha-has-bg-overlay elementor-widget elementor-widget-heading\" data-id=\"e98ef8c\" data-element_type=\"widget\" data-e-type=\"widget\" data-widget_type=\"heading.default\">\n\t\t\t\t<div class=\"elementor-widget-container\">\n\t\t\t\t\t<h5 class=\"elementor-heading-title elementor-size-default\">PLANO DUO RECORRENTE<\/h5>\t\t\t\t<\/div>\n\t\t\t\t<\/div>\n\t\t\t\t<div class=\"elementor-element elementor-element-068bc5b ha-has-bg-overlay elementor-widget elementor-widget-heading\" data-id=\"068bc5b\" data-element_type=\"widget\" data-e-type=\"widget\" data-widget_type=\"heading.default\">\n\t\t\t\t<div class=\"elementor-widget-container\">\n\t\t\t\t\t<h5 class=\"elementor-heading-title elementor-size-default\">R$300,00<\/h5>\t\t\t\t<\/div>\n\t\t\t\t<\/div>\n\t\t\t\t<div class=\"elementor-element elementor-element-6e05890 ha-has-bg-overlay elementor-widget elementor-widget-heading\" data-id=\"6e05890\" data-element_type=\"widget\" data-e-type=\"widget\" data-widget_type=\"heading.default\">\n\t\t\t\t<div class=\"elementor-widget-container\">\n\t\t\t\t\t<h5 class=\"elementor-heading-title elementor-size-default\">FORMA DE PAGAMENTO<\/h5>\t\t\t\t<\/div>\n\t\t\t\t<\/div>\n\t\t\t\t<div class=\"elementor-element elementor-element-fca12c1 elementor-widget elementor-widget-text-editor\" data-id=\"fca12c1\" data-element_type=\"widget\" data-e-type=\"widget\" data-widget_type=\"text-editor.default\">\n\t\t\t\t<div class=\"elementor-widget-container\">\n\t\t\t\t\t\t\t\t\t<p style=\"text-align: center;\">D\u00e9bito Autom\u00e1tico ou<br \/><a href=\"https:\/\/mpago.li\/1FF1hMe\" target=\"_blank\" rel=\"noopener\"><span style=\"color: #009dff;\"><em><strong>Mercado Pago<\/strong><\/em><\/span><\/a>\u00a0ou <strong><em><a href=\"https:\/\/www.paypal.com\/br\/webapps\/mpp\/how-to-add-a-funding-instrument\" target=\"_blank\" rel=\"noopener noreferrer\"><span style=\"color: #013084;\">Pay<\/span><span style=\"color: #2a6190;\"><span style=\"color: #0d9cdb;\">Pal<\/span><\/span><\/a><\/em><\/strong><br \/>(Cart\u00e3o de Cr\u00e9dito)<\/p>\t\t\t\t\t\t\t\t<\/div>\n\t\t\t\t<\/div>\n\t\t\t\t<div class=\"elementor-element elementor-element-1c7fcb7 ha-has-bg-overlay elementor-widget elementor-widget-heading\" data-id=\"1c7fcb7\" data-element_type=\"widget\" data-e-type=\"widget\" data-widget_type=\"heading.default\">\n\t\t\t\t<div class=\"elementor-widget-container\">\n\t\t\t\t\t<h5 class=\"elementor-heading-title elementor-size-default\">MELHOR OP\u00c7\u00c3O PARA FAM\u00cdLIA<\/h5>\t\t\t\t<\/div>\n\t\t\t\t<\/div>\n\t\t\t\t<\/div>\n\t\t\t\t\t<\/div>\n\t\t\t\t<\/div>\n\t\t<div class=\"elementor-element elementor-element-bd90323 e-flex e-con-boxed e-con e-parent\" data-id=\"bd90323\" data-element_type=\"container\" data-e-type=\"container\" id=\"matricule-se\" data-settings=\"{&quot;_ha_eqh_enable&quot;:false}\">\n\t\t\t\t\t<div class=\"e-con-inner\">\n\t\t\t\t<div class=\"elementor-element elementor-element-5744201 elementor-widget elementor-widget-ha-creative-button happy-addon ha-creative-button\" data-id=\"5744201\" data-element_type=\"widget\" data-e-type=\"widget\" data-widget_type=\"ha-creative-button.default\">\n\t\t\t\t<div class=\"elementor-widget-container\">\n\t\t\t\t\t\t\t<div data-magnetic=\"yes\" class=\"ha-creative-btn-wrap\">\n\t\t\t<a class=\"ha-creative-btn ha-stl--hermosa ha-eft--reshape\" href=\"https:\/\/aluno.shinmuryodojo.com\/en\/matricule-se\/\" rel=\"nofollow\"><span>MATRICULE-SE<\/span><\/a>\n\t\t<\/div>\t\t\t\t<\/div>\n\t\t\t\t<\/div>\n\t\t\t\t\t<\/div>\n\t\t\t\t<\/div>\n\t\t<div class=\"elementor-element elementor-element-685f656f e-flex e-con-boxed e-con e-parent\" data-id=\"685f656f\" data-element_type=\"container\" data-e-type=\"container\" data-settings=\"{&quot;_ha_eqh_enable&quot;:false}\">\n\t\t\t\t\t<div class=\"e-con-inner\">\n\t\t\t\t<div class=\"elementor-element elementor-element-3a2b5379 elementor-widget elementor-widget-text-editor\" data-id=\"3a2b5379\" data-element_type=\"widget\" data-e-type=\"widget\" data-widget_type=\"text-editor.default\">\n\t\t\t\t<div class=\"elementor-widget-container\">\n\t\t\t\t\t\t\t\t\t<p><strong>A mensalidade recorrente n\u00e3o compromete o limite do Cart\u00e3o de Cr\u00e9dito do aluno.<\/strong><\/p><p>O d\u00e9bito recorrente toma somente o limite do valor da mensalidade, diferente da venda parcelada na maquininha de cart\u00e3o.<\/p><ol><li style=\"list-style-type: none;\"><ol><li><strong>Parcelado na Maquininha:<br \/><\/strong>No caso de um plano anual, o aluno precisaria ter o limite total na hora do pagamento, ou seja, <strong>R$2.160,00<\/strong> dispon\u00edveis no ato para parcelar em <strong>12x<\/strong> de <strong>R$180,00<\/strong>.<\/li><li><strong style=\"font-size: 1rem;\">Mensalidade Recorrente (D\u00e9bito Autom\u00e1tico):<br \/><\/strong><span style=\"font-size: 1rem;\">O aluno precisa ter todo m\u00eas apenas <span style=\"color: #02ba02;\"><strong>R$180,00<\/strong><\/span> de limite dispon\u00edvel no cart\u00e3o de cr\u00e9dito ou em saldo em conta no caso do Cart\u00e3o de D\u00e9bito no momento do pagamento, que \u00e9 feito automaticamente. Em vez de comprometer <strong>R$2.160,00<\/strong> do limite do cart\u00e3o do aluno, a cobran\u00e7a \u00e9 feita mensalmente sem comprometer seu saldo e evitando atrasos. Da\u00ed vem o nome \u201cRecorrente\u201d.<br \/>Por conta disso, n\u00e3o trabalhamos com pacote de planos.<\/span><\/li><\/ol><\/li><\/ol><p><span style=\"color: #ff0000;\"><strong>OBS.:<\/strong><\/span><br \/>A cobran\u00e7a \u00e9 feita pelo <a href=\"https:\/\/mpago.li\/1FF1hMe\" target=\"_blank\" rel=\"noopener\"><strong><em style=\"color: #009dff;\">Mercado Pago<\/em><\/strong><\/a>\u00a0ou\u00a0<a href=\"https:\/\/www.paypal.com\/br\/webapps\/mpp\/how-to-add-a-funding-instrument\" target=\"_blank\" rel=\"noopener noreferrer\"><span style=\"color: #999999;\"><strong><em><span style=\"color: #3366ff;\"><span style=\"color: #013084;\">Pay<\/span><span style=\"color: #2a6190;\"><span style=\"color: #0d9cdb;\">Pal<\/span><\/span><\/span><\/em><\/strong><\/span><\/a>, por meio de cart\u00e3o de cr\u00e9dito, outros meios de pagamento n\u00e3o s\u00e3o poss\u00edveis para a mensalidade recorrente.<\/p><p>A matr\u00edcula \u00e9 feita somente online atrav\u00e9s do bot\u00e3o &#8220;<strong><a href=\"#matricule-se\">Matricule-se<\/a><\/strong>&#8220;. N\u00e3o \u00e9 poss\u00edvel aderir esse modo de pagamento presencialmente.<\/p>\t\t\t\t\t\t\t\t<\/div>\n\t\t\t\t<\/div>\n\t\t\t\t\t<\/div>\n\t\t\t\t<\/div>\n\t\t\t\t<\/div>","protected":false},"excerpt":{"rendered":"<p>Car\u00e1ter antes da t\u00e9cnica Treinar Artes Marciais n\u00e3o \u00e9 apenas aprender t\u00e9cnicas, \u00e9 assumir um caminho. Esse caminho exige \u00e9tica, respeito e responsabilidade. Quando voc\u00ea entra em um D\u014dj\u014d, voc\u00ea n\u00e3o est\u00e1 comprando um servi\u00e7o comum; voc\u00ea est\u00e1 firmando um compromisso com um grupo, com um professor e, principalmente, consigo mesmo. \u00c9tica marcial come\u00e7a com [&hellip;]<\/p>\n","protected":false},"author":1,"featured_media":0,"parent":0,"menu_order":0,"comment_status":"closed","ping_status":"closed","template":"","meta":{"pmpro_default_level":"","footnotes":""},"class_list":["post-4344","page","type-page","status-publish","hentry","pmpro-has-access"],"yoast_head":"<!-- This site is optimized with the Yoast SEO plugin v27.4 - https:\/\/yoast.com\/product\/yoast-seo-wordpress\/ -->\n<title>Planos - NINJUTSU | BUJINKAN SHINMURY\u014c D\u014cJ\u014c<\/title>\n<meta name=\"robots\" content=\"index, follow, max-snippet:-1, max-image-preview:large, max-video-preview:-1\" \/>\n<link rel=\"canonical\" href=\"https:\/\/aluno.shinmuryodojo.com\/en\/planos\/\" \/>\n<meta property=\"og:locale\" content=\"en_US\" \/>\n<meta property=\"og:type\" content=\"article\" \/>\n<meta property=\"og:title\" content=\"Planos - NINJUTSU | BUJINKAN SHINMURY\u014c D\u014cJ\u014c\" \/>\n<meta property=\"og:description\" content=\"Car\u00e1ter antes da t\u00e9cnica Treinar Artes Marciais n\u00e3o \u00e9 apenas aprender t\u00e9cnicas, \u00e9 assumir um caminho. Esse caminho exige \u00e9tica, respeito e responsabilidade. Quando voc\u00ea entra em um D\u014dj\u014d, voc\u00ea n\u00e3o est\u00e1 comprando um servi\u00e7o comum; voc\u00ea est\u00e1 firmando um compromisso com um grupo, com um professor e, principalmente, consigo mesmo. \u00c9tica marcial come\u00e7a com [&hellip;]\" \/>\n<meta property=\"og:url\" content=\"https:\/\/aluno.shinmuryodojo.com\/en\/planos\/\" \/>\n<meta property=\"og:site_name\" content=\"NINJUTSU | BUJINKAN SHINMURY\u014c D\u014cJ\u014c\" \/>\n<meta property=\"article:publisher\" content=\"https:\/\/www.facebook.com\/BujinkanShinmuryoDojo\" \/>\n<meta property=\"article:modified_time\" content=\"2026-03-28T02:09:55+00:00\" \/>\n<meta property=\"og:image\" content=\"https:\/\/shinmuryodojo.com\/arquivos\/Cartao-de-Graduacao.png\" \/>\n<meta name=\"twitter:label1\" content=\"Est. reading time\" \/>\n\t<meta name=\"twitter:data1\" content=\"4 minutes\" \/>\n<script type=\"application\/ld+json\" class=\"yoast-schema-graph\">{\"@context\":\"https:\\\/\\\/schema.org\",\"@graph\":[{\"@type\":\"WebPage\",\"@id\":\"https:\\\/\\\/aluno.shinmuryodojo.com\\\/planos\\\/\",\"url\":\"https:\\\/\\\/aluno.shinmuryodojo.com\\\/planos\\\/\",\"name\":\"Planos - NINJUTSU | BUJINKAN SHINMURY\u014c D\u014cJ\u014c\",\"isPartOf\":{\"@id\":\"https:\\\/\\\/aluno.shinmuryodojo.com\\\/#website\"},\"primaryImageOfPage\":{\"@id\":\"https:\\\/\\\/aluno.shinmuryodojo.com\\\/planos\\\/#primaryimage\"},\"image\":{\"@id\":\"https:\\\/\\\/aluno.shinmuryodojo.com\\\/planos\\\/#primaryimage\"},\"thumbnailUrl\":\"https:\\\/\\\/shinmuryodojo.com\\\/arquivos\\\/Cartao-de-Graduacao.png\",\"datePublished\":\"2020-12-30T02:19:27+00:00\",\"dateModified\":\"2026-03-28T02:09:55+00:00\",\"breadcrumb\":{\"@id\":\"https:\\\/\\\/aluno.shinmuryodojo.com\\\/planos\\\/#breadcrumb\"},\"inLanguage\":\"en-US\",\"potentialAction\":[{\"@type\":\"ReadAction\",\"target\":[\"https:\\\/\\\/aluno.shinmuryodojo.com\\\/planos\\\/\"]}]},{\"@type\":\"ImageObject\",\"inLanguage\":\"en-US\",\"@id\":\"https:\\\/\\\/aluno.shinmuryodojo.com\\\/planos\\\/#primaryimage\",\"url\":\"https:\\\/\\\/shinmuryodojo.com\\\/arquivos\\\/Cartao-de-Graduacao.png\",\"contentUrl\":\"https:\\\/\\\/shinmuryodojo.com\\\/arquivos\\\/Cartao-de-Graduacao.png\"},{\"@type\":\"BreadcrumbList\",\"@id\":\"https:\\\/\\\/aluno.shinmuryodojo.com\\\/planos\\\/#breadcrumb\",\"itemListElement\":[{\"@type\":\"ListItem\",\"position\":1,\"name\":\"In\u00edcio\",\"item\":\"https:\\\/\\\/aluno.shinmuryodojo.com\\\/\"},{\"@type\":\"ListItem\",\"position\":2,\"name\":\"Planos\"}]},{\"@type\":\"WebSite\",\"@id\":\"https:\\\/\\\/aluno.shinmuryodojo.com\\\/#website\",\"url\":\"https:\\\/\\\/aluno.shinmuryodojo.com\\\/\",\"name\":\"NINJUTSU | BUJINKAN SHINMURY\u014c D\u014cJ\u014c\",\"description\":\"SHIHAN GALLENI JUNIOR\",\"potentialAction\":[{\"@type\":\"SearchAction\",\"target\":{\"@type\":\"EntryPoint\",\"urlTemplate\":\"https:\\\/\\\/aluno.shinmuryodojo.com\\\/?s={search_term_string}\"},\"query-input\":{\"@type\":\"PropertyValueSpecification\",\"valueRequired\":true,\"valueName\":\"search_term_string\"}}],\"inLanguage\":\"en-US\"}]}<\/script>\n<!-- \/ Yoast SEO plugin. -->","yoast_head_json":{"title":"Planos - NINJUTSU | BUJINKAN SHINMURY\u014c D\u014cJ\u014c","robots":{"index":"index","follow":"follow","max-snippet":"max-snippet:-1","max-image-preview":"max-image-preview:large","max-video-preview":"max-video-preview:-1"},"canonical":"https:\/\/aluno.shinmuryodojo.com\/en\/planos\/","og_locale":"en_US","og_type":"article","og_title":"Planos - NINJUTSU | BUJINKAN SHINMURY\u014c D\u014cJ\u014c","og_description":"Car\u00e1ter antes da t\u00e9cnica Treinar Artes Marciais n\u00e3o \u00e9 apenas aprender t\u00e9cnicas, \u00e9 assumir um caminho. Esse caminho exige \u00e9tica, respeito e responsabilidade. Quando voc\u00ea entra em um D\u014dj\u014d, voc\u00ea n\u00e3o est\u00e1 comprando um servi\u00e7o comum; voc\u00ea est\u00e1 firmando um compromisso com um grupo, com um professor e, principalmente, consigo mesmo. \u00c9tica marcial come\u00e7a com [&hellip;]","og_url":"https:\/\/aluno.shinmuryodojo.com\/en\/planos\/","og_site_name":"NINJUTSU | BUJINKAN SHINMURY\u014c D\u014cJ\u014c","article_publisher":"https:\/\/www.facebook.com\/BujinkanShinmuryoDojo","article_modified_time":"2026-03-28T02:09:55+00:00","og_image":[{"url":"https:\/\/shinmuryodojo.com\/arquivos\/Cartao-de-Graduacao.png","type":"","width":"","height":""}],"twitter_misc":{"Est. reading time":"4 minutes"},"schema":{"@context":"https:\/\/schema.org","@graph":[{"@type":"WebPage","@id":"https:\/\/aluno.shinmuryodojo.com\/planos\/","url":"https:\/\/aluno.shinmuryodojo.com\/planos\/","name":"Planos - NINJUTSU | BUJINKAN SHINMURY\u014c D\u014cJ\u014c","isPartOf":{"@id":"https:\/\/aluno.shinmuryodojo.com\/#website"},"primaryImageOfPage":{"@id":"https:\/\/aluno.shinmuryodojo.com\/planos\/#primaryimage"},"image":{"@id":"https:\/\/aluno.shinmuryodojo.com\/planos\/#primaryimage"},"thumbnailUrl":"https:\/\/shinmuryodojo.com\/arquivos\/Cartao-de-Graduacao.png","datePublished":"2020-12-30T02:19:27+00:00","dateModified":"2026-03-28T02:09:55+00:00","breadcrumb":{"@id":"https:\/\/aluno.shinmuryodojo.com\/planos\/#breadcrumb"},"inLanguage":"en-US","potentialAction":[{"@type":"ReadAction","target":["https:\/\/aluno.shinmuryodojo.com\/planos\/"]}]},{"@type":"ImageObject","inLanguage":"en-US","@id":"https:\/\/aluno.shinmuryodojo.com\/planos\/#primaryimage","url":"https:\/\/shinmuryodojo.com\/arquivos\/Cartao-de-Graduacao.png","contentUrl":"https:\/\/shinmuryodojo.com\/arquivos\/Cartao-de-Graduacao.png"},{"@type":"BreadcrumbList","@id":"https:\/\/aluno.shinmuryodojo.com\/planos\/#breadcrumb","itemListElement":[{"@type":"ListItem","position":1,"name":"In\u00edcio","item":"https:\/\/aluno.shinmuryodojo.com\/"},{"@type":"ListItem","position":2,"name":"Planos"}]},{"@type":"WebSite","@id":"https:\/\/aluno.shinmuryodojo.com\/#website","url":"https:\/\/aluno.shinmuryodojo.com\/","name":"NINJUTSU | BUJINKAN SHINMURY\u014c D\u014cJ\u014c","description":"SHIHAN GALLENI JUNIOR","potentialAction":[{"@type":"SearchAction","target":{"@type":"EntryPoint","urlTemplate":"https:\/\/aluno.shinmuryodojo.com\/?s={search_term_string}"},"query-input":{"@type":"PropertyValueSpecification","valueRequired":true,"valueName":"search_term_string"}}],"inLanguage":"en-US"}]}},"_links":{"self":[{"href":"https:\/\/aluno.shinmuryodojo.com\/en\/wp-json\/wp\/v2\/pages\/4344","targetHints":{"allow":["GET"]}}],"collection":[{"href":"https:\/\/aluno.shinmuryodojo.com\/en\/wp-json\/wp\/v2\/pages"}],"about":[{"href":"https:\/\/aluno.shinmuryodojo.com\/en\/wp-json\/wp\/v2\/types\/page"}],"author":[{"embeddable":true,"href":"https:\/\/aluno.shinmuryodojo.com\/en\/wp-json\/wp\/v2\/users\/1"}],"replies":[{"embeddable":true,"href":"https:\/\/aluno.shinmuryodojo.com\/en\/wp-json\/wp\/v2\/comments?post=4344"}],"version-history":[{"count":289,"href":"https:\/\/aluno.shinmuryodojo.com\/en\/wp-json\/wp\/v2\/pages\/4344\/revisions"}],"predecessor-version":[{"id":5719,"href":"https:\/\/aluno.shinmuryodojo.com\/en\/wp-json\/wp\/v2\/pages\/4344\/revisions\/5719"}],"wp:attachment":[{"href":"https:\/\/aluno.shinmuryodojo.com\/en\/wp-json\/wp\/v2\/media?parent=4344"}],"curies":[{"name":"wp","href":"https:\/\/api.w.org\/{rel}","templated":true}]}}